{"id":776,"date":"2022-06-23T10:09:58","date_gmt":"2022-06-23T10:09:58","guid":{"rendered":"https:\/\/villacardea.com\/bitter\/"},"modified":"2022-11-16T08:45:56","modified_gmt":"2022-11-16T08:45:56","slug":"bitter","status":"publish","type":"page","link":"https:\/\/villacardea.com\/it\/bitter\/","title":{"rendered":"Bitter"},"content":{"rendered":"<p>[vc_row css_animation=&#8221;&#8221; row_type=&#8221;row&#8221; use_row_as_full_screen_section=&#8221;no&#8221; type=&#8221;full_width&#8221; angled_section=&#8221;no&#8221; text_align=&#8221;left&#8221; background_image_as_pattern=&#8221;without_pattern&#8221; z_index=&#8221;&#8221;][vc_column width=&#8221;2\/5&#8243;][vc_single_image image=&#8221;700&#8243; img_size=&#8221;700&#215;700&#8243; qode_css_animation=&#8221;&#8221;][\/vc_column][vc_column width=&#8221;3\/5&#8243; el_class=&#8221;destra50&#8243;][vc_empty_space height=&#8221;50px&#8221;][vc_column_text]<\/p>\n<h2 style=\"text-align: center;\">Bitter<\/h2>\n<p>[\/vc_column_text][vc_empty_space height=&#8221;20px&#8221;][vc_separator type=&#8221;normal&#8221; color=&#8221;#e3dac5&#8243;][vc_empty_space height=&#8221;10px&#8221;][vc_column_text]<\/p>\n<h3 style=\"text-align: center;\">Un elegante liquore creato utilizzando l&#8217;amaro delle erbe naturali.<\/h3>\n<h3 style=\"text-align: center;\">A 25% vol., pu\u00f2 essere servito liscio, fresco, o miscelato con succo fresco d&#8217;arancia, oppure pu\u00f2 essere usato come base per i cocktail pi\u00f9 classici.<\/h3>\n<h3 style=\"text-align: center;\">Provate l'&#8221;Americano&#8221;.<br \/>\n(Bitter Classico, vermouth rosso e soda)<\/h3>\n<p>[\/vc_column_text][vc_empty_space height=&#8221;10px&#8221;][vc_separator type=&#8221;normal&#8221; color=&#8221;#e3dac5&#8243;][vc_empty_space height=&#8221;20px&#8221;][vc_column_text]<\/p>\n<h4 style=\"text-align: center;\">DISPONIBILE IN FORMATO 70 cl<\/h4>\n<p>[\/vc_column_text][vc_empty_space height=&#8221;50px&#8221;][\/vc_column][\/vc_row]<\/p>\n","protected":false},"excerpt":{"rendered":"<p>[vc_row css_animation=&#8221;&#8221; row_type=&#8221;row&#8221; use_row_as_full_screen_section=&#8221;no&#8221; type=&#8221;full_width&#8221; angled_section=&#8221;no&#8221; text_align=&#8221;left&#8221; background_image_as_pattern=&#8221;without_pattern&#8221; z_index=&#8221;&#8221;][vc_column width=&#8221;2\/5&#8243;][vc_single_image image=&#8221;700&#8243; img_size=&#8221;700&#215;700&#8243; qode_css_animation=&#8221;&#8221;][\/vc_column][vc_column width=&#8221;3\/5&#8243; el_class=&#8221;destra50&#8243;][vc_empty_space height=&#8221;50px&#8221;][vc_column_text] Bitter [\/vc_column_text][vc_empty_space height=&#8221;20px&#8221;][vc_separator type=&#8221;normal&#8221; color=&#8221;#e3dac5&#8243;][vc_empty_space height=&#8221;10px&#8221;][vc_column_text] Un elegante liquore creato utilizzando l&#8217;amaro delle erbe naturali. A 25% vol., pu\u00f2 essere servito liscio, fresco, o miscelato con succo fresco d&#8217;arancia,&#8230;<\/p>\n","protected":false},"author":2,"featured_media":0,"parent":0,"menu_order":0,"comment_status":"closed","ping_status":"open","template":"full_width.php","meta":[],"_links":{"self":[{"href":"https:\/\/villacardea.com\/it\/wp-json\/wp\/v2\/pages\/776"}],"collection":[{"href":"https:\/\/villacardea.com\/it\/wp-json\/wp\/v2\/pages"}],"about":[{"href":"https:\/\/villacardea.com\/it\/wp-json\/wp\/v2\/types\/page"}],"author":[{"embeddable":true,"href":"https:\/\/villacardea.com\/it\/wp-json\/wp\/v2\/users\/2"}],"replies":[{"embeddable":true,"href":"https:\/\/villacardea.com\/it\/wp-json\/wp\/v2\/comments?post=776"}],"version-history":[{"count":2,"href":"https:\/\/villacardea.com\/it\/wp-json\/wp\/v2\/pages\/776\/revisions"}],"predecessor-version":[{"id":778,"href":"https:\/\/villacardea.com\/it\/wp-json\/wp\/v2\/pages\/776\/revisions\/778"}],"wp:attachment":[{"href":"https:\/\/villacardea.com\/it\/wp-json\/wp\/v2\/media?parent=776"}],"curies":[{"name":"wp","href":"https:\/\/api.w.org\/{rel}","templated":true}]}}